{"id":9,"date":"2020-03-11T20:28:30","date_gmt":"2020-03-11T19:28:30","guid":{"rendered":"http:\/\/matbud-brukarstwo.pl\/?page_id=9"},"modified":"2020-03-12T10:58:07","modified_gmt":"2020-03-12T09:58:07","slug":"o-nas","status":"publish","type":"page","link":"https:\/\/matbud-brukarstwo.pl\/index.php\/o-nas\/","title":{"rendered":"O nas"},"content":{"rendered":"\n<p> Specjalistyczny sprz\u0119t, wykwalifikowana kadra oraz do\u015bwiadczenie w realizacji inwestycji powoduje, \u017ce nasza Firma jest wiarygodnym partnerem przy realizacji inwestycji drogowych. Jeste\u015bmy przygotowani do prowadzenia du\u017cych i skomplikowanych technicznie zada\u0144, a tak\u017ce ma\u0142ych prywatnych inwestycji. Prace wykonujemy kompleksowo przy minimalnym zaanga\u017cowaniu inwestora<\/p>\n\n\n\n<figure class=\"wp-block-image size-large\"><img loading=\"lazy\" decoding=\"async\" width=\"750\" height=\"370\" src=\"http:\/\/matbud-brukarstwo.pl\/wp-content\/uploads\/2020\/03\/18425066_1674359952870224_6831431389991275254_n.jpg\" alt=\"\" class=\"wp-image-122\" srcset=\"https:\/\/matbud-brukarstwo.pl\/wp-content\/uploads\/2020\/03\/18425066_1674359952870224_6831431389991275254_n.jpg 750w, https:\/\/matbud-brukarstwo.pl\/wp-content\/uploads\/2020\/03\/18425066_1674359952870224_6831431389991275254_n-300x148.jpg 300w\" sizes=\"auto, (max-width: 750px) 100vw, 750px\" \/><\/figure>\n","protected":false},"excerpt":{"rendered":"<p>Specjalistyczny sprz\u0119t, wykwalifikowana kadra oraz do\u015bwiadczenie w realizacji inwestycji powoduje, \u017ce nasza Firma jest wiarygodnym partnerem przy realizacji inwestycji drogowych. Jeste\u015bmy przygotowani do prowadzenia du\u017cych i skomplikowanych technicznie zada\u0144, a tak\u017ce ma\u0142ych prywatnych inwestycji. Prace wykonujemy kompleksowo przy minimalnym zaanga\u017cowaniu inwestora<\/p>\n","protected":false},"author":1,"featured_media":0,"parent":0,"menu_order":0,"comment_status":"closed","ping_status":"closed","template":"page-templates\/homepage.php","meta":{"ngg_post_thumbnail":0,"footnotes":""},"class_list":["post-9","page","type-page","status-publish","hentry"],"yoast_head":"<!-- This site is optimized with the Yoast SEO plugin v27.0 - https:\/\/yoast.com\/product\/yoast-seo-wordpress\/ -->\n<title>O nas - MATBUD Brukarstwo<\/title>\n<meta name=\"robots\" content=\"index, follow, max-snippet:-1, max-image-preview:large, max-video-preview:-1\" \/>\n<link rel=\"canonical\" href=\"https:\/\/matbud-brukarstwo.pl\/index.php\/o-nas\/\" \/>\n<meta property=\"og:locale\" content=\"pl_PL\" \/>\n<meta property=\"og:type\" content=\"article\" \/>\n<meta property=\"og:title\" content=\"O nas - MATBUD Brukarstwo\" \/>\n<meta property=\"og:description\" content=\"Specjalistyczny sprz\u0119t, wykwalifikowana kadra oraz do\u015bwiadczenie w realizacji inwestycji powoduje, \u017ce nasza Firma jest wiarygodnym partnerem przy realizacji inwestycji drogowych. Jeste\u015bmy przygotowani do prowadzenia du\u017cych i skomplikowanych technicznie zada\u0144, a tak\u017ce ma\u0142ych prywatnych inwestycji. Prace wykonujemy kompleksowo przy minimalnym zaanga\u017cowaniu inwestora\" \/>\n<meta property=\"og:url\" content=\"https:\/\/matbud-brukarstwo.pl\/index.php\/o-nas\/\" \/>\n<meta property=\"og:site_name\" content=\"MATBUD Brukarstwo\" \/>\n<meta property=\"article:modified_time\" content=\"2020-03-12T09:58:07+00:00\" \/>\n<meta property=\"og:image\" content=\"http:\/\/matbud-brukarstwo.pl\/wp-content\/uploads\/2020\/03\/18425066_1674359952870224_6831431389991275254_n.jpg\" \/>\n<meta name=\"twitter:card\" content=\"summary_large_image\" \/>\n<script type=\"application\/ld+json\" class=\"yoast-schema-graph\">{\"@context\":\"https:\/\/schema.org\",\"@graph\":[{\"@type\":\"WebPage\",\"@id\":\"https:\/\/matbud-brukarstwo.pl\/index.php\/o-nas\/\",\"url\":\"https:\/\/matbud-brukarstwo.pl\/index.php\/o-nas\/\",\"name\":\"O nas - MATBUD Brukarstwo\",\"isPartOf\":{\"@id\":\"http:\/\/matbud-brukarstwo.pl\/#website\"},\"primaryImageOfPage\":{\"@id\":\"https:\/\/matbud-brukarstwo.pl\/index.php\/o-nas\/#primaryimage\"},\"image\":{\"@id\":\"https:\/\/matbud-brukarstwo.pl\/index.php\/o-nas\/#primaryimage\"},\"thumbnailUrl\":\"http:\/\/matbud-brukarstwo.pl\/wp-content\/uploads\/2020\/03\/18425066_1674359952870224_6831431389991275254_n.jpg\",\"datePublished\":\"2020-03-11T19:28:30+00:00\",\"dateModified\":\"2020-03-12T09:58:07+00:00\",\"breadcrumb\":{\"@id\":\"https:\/\/matbud-brukarstwo.pl\/index.php\/o-nas\/#breadcrumb\"},\"inLanguage\":\"pl-PL\",\"potentialAction\":[{\"@type\":\"ReadAction\",\"target\":[\"https:\/\/matbud-brukarstwo.pl\/index.php\/o-nas\/\"]}]},{\"@type\":\"ImageObject\",\"inLanguage\":\"pl-PL\",\"@id\":\"https:\/\/matbud-brukarstwo.pl\/index.php\/o-nas\/#primaryimage\",\"url\":\"https:\/\/matbud-brukarstwo.pl\/wp-content\/uploads\/2020\/03\/18425066_1674359952870224_6831431389991275254_n.jpg\",\"contentUrl\":\"https:\/\/matbud-brukarstwo.pl\/wp-content\/uploads\/2020\/03\/18425066_1674359952870224_6831431389991275254_n.jpg\",\"width\":750,\"height\":370},{\"@type\":\"BreadcrumbList\",\"@id\":\"https:\/\/matbud-brukarstwo.pl\/index.php\/o-nas\/#breadcrumb\",\"itemListElement\":[{\"@type\":\"ListItem\",\"position\":1,\"name\":\"Strona g\u0142\u00f3wna\",\"item\":\"http:\/\/matbud-brukarstwo.pl\/\"},{\"@type\":\"ListItem\",\"position\":2,\"name\":\"O nas\"}]},{\"@type\":\"WebSite\",\"@id\":\"http:\/\/matbud-brukarstwo.pl\/#website\",\"url\":\"http:\/\/matbud-brukarstwo.pl\/\",\"name\":\"MATBUD Brukarstwo\",\"description\":\"Z nami Ci si\u0119 u\u0142o\u017cy!\",\"publisher\":{\"@id\":\"http:\/\/matbud-brukarstwo.pl\/#organization\"},\"potentialAction\":[{\"@type\":\"SearchAction\",\"target\":{\"@type\":\"EntryPoint\",\"urlTemplate\":\"http:\/\/matbud-brukarstwo.pl\/?s={search_term_string}\"},\"query-input\":{\"@type\":\"PropertyValueSpecification\",\"valueRequired\":true,\"valueName\":\"search_term_string\"}}],\"inLanguage\":\"pl-PL\"},{\"@type\":\"Organization\",\"@id\":\"http:\/\/matbud-brukarstwo.pl\/#organization\",\"name\":\"MATBUD Brukarstwo\",\"url\":\"http:\/\/matbud-brukarstwo.pl\/\",\"logo\":{\"@type\":\"ImageObject\",\"inLanguage\":\"pl-PL\",\"@id\":\"http:\/\/matbud-brukarstwo.pl\/#\/schema\/logo\/image\/\",\"url\":\"https:\/\/matbud-brukarstwo.pl\/wp-content\/uploads\/2020\/03\/cropped-89039435_191908945449923_1236239450627899392_n1.jpg\",\"contentUrl\":\"https:\/\/matbud-brukarstwo.pl\/wp-content\/uploads\/2020\/03\/cropped-89039435_191908945449923_1236239450627899392_n1.jpg\",\"width\":714,\"height\":122,\"caption\":\"MATBUD Brukarstwo\"},\"image\":{\"@id\":\"http:\/\/matbud-brukarstwo.pl\/#\/schema\/logo\/image\/\"}}]}<\/script>\n<!-- \/ Yoast SEO plugin. -->","yoast_head_json":{"title":"O nas - MATBUD Brukarstwo","robots":{"index":"index","follow":"follow","max-snippet":"max-snippet:-1","max-image-preview":"max-image-preview:large","max-video-preview":"max-video-preview:-1"},"canonical":"https:\/\/matbud-brukarstwo.pl\/index.php\/o-nas\/","og_locale":"pl_PL","og_type":"article","og_title":"O nas - MATBUD Brukarstwo","og_description":"Specjalistyczny sprz\u0119t, wykwalifikowana kadra oraz do\u015bwiadczenie w realizacji inwestycji powoduje, \u017ce nasza Firma jest wiarygodnym partnerem przy realizacji inwestycji drogowych. Jeste\u015bmy przygotowani do prowadzenia du\u017cych i skomplikowanych technicznie zada\u0144, a tak\u017ce ma\u0142ych prywatnych inwestycji. Prace wykonujemy kompleksowo przy minimalnym zaanga\u017cowaniu inwestora","og_url":"https:\/\/matbud-brukarstwo.pl\/index.php\/o-nas\/","og_site_name":"MATBUD Brukarstwo","article_modified_time":"2020-03-12T09:58:07+00:00","og_image":[{"url":"http:\/\/matbud-brukarstwo.pl\/wp-content\/uploads\/2020\/03\/18425066_1674359952870224_6831431389991275254_n.jpg","type":"","width":"","height":""}],"twitter_card":"summary_large_image","schema":{"@context":"https:\/\/schema.org","@graph":[{"@type":"WebPage","@id":"https:\/\/matbud-brukarstwo.pl\/index.php\/o-nas\/","url":"https:\/\/matbud-brukarstwo.pl\/index.php\/o-nas\/","name":"O nas - MATBUD Brukarstwo","isPartOf":{"@id":"http:\/\/matbud-brukarstwo.pl\/#website"},"primaryImageOfPage":{"@id":"https:\/\/matbud-brukarstwo.pl\/index.php\/o-nas\/#primaryimage"},"image":{"@id":"https:\/\/matbud-brukarstwo.pl\/index.php\/o-nas\/#primaryimage"},"thumbnailUrl":"http:\/\/matbud-brukarstwo.pl\/wp-content\/uploads\/2020\/03\/18425066_1674359952870224_6831431389991275254_n.jpg","datePublished":"2020-03-11T19:28:30+00:00","dateModified":"2020-03-12T09:58:07+00:00","breadcrumb":{"@id":"https:\/\/matbud-brukarstwo.pl\/index.php\/o-nas\/#breadcrumb"},"inLanguage":"pl-PL","potentialAction":[{"@type":"ReadAction","target":["https:\/\/matbud-brukarstwo.pl\/index.php\/o-nas\/"]}]},{"@type":"ImageObject","inLanguage":"pl-PL","@id":"https:\/\/matbud-brukarstwo.pl\/index.php\/o-nas\/#primaryimage","url":"https:\/\/matbud-brukarstwo.pl\/wp-content\/uploads\/2020\/03\/18425066_1674359952870224_6831431389991275254_n.jpg","contentUrl":"https:\/\/matbud-brukarstwo.pl\/wp-content\/uploads\/2020\/03\/18425066_1674359952870224_6831431389991275254_n.jpg","width":750,"height":370},{"@type":"BreadcrumbList","@id":"https:\/\/matbud-brukarstwo.pl\/index.php\/o-nas\/#breadcrumb","itemListElement":[{"@type":"ListItem","position":1,"name":"Strona g\u0142\u00f3wna","item":"http:\/\/matbud-brukarstwo.pl\/"},{"@type":"ListItem","position":2,"name":"O nas"}]},{"@type":"WebSite","@id":"http:\/\/matbud-brukarstwo.pl\/#website","url":"http:\/\/matbud-brukarstwo.pl\/","name":"MATBUD Brukarstwo","description":"Z nami Ci si\u0119 u\u0142o\u017cy!","publisher":{"@id":"http:\/\/matbud-brukarstwo.pl\/#organization"},"potentialAction":[{"@type":"SearchAction","target":{"@type":"EntryPoint","urlTemplate":"http:\/\/matbud-brukarstwo.pl\/?s={search_term_string}"},"query-input":{"@type":"PropertyValueSpecification","valueRequired":true,"valueName":"search_term_string"}}],"inLanguage":"pl-PL"},{"@type":"Organization","@id":"http:\/\/matbud-brukarstwo.pl\/#organization","name":"MATBUD Brukarstwo","url":"http:\/\/matbud-brukarstwo.pl\/","logo":{"@type":"ImageObject","inLanguage":"pl-PL","@id":"http:\/\/matbud-brukarstwo.pl\/#\/schema\/logo\/image\/","url":"https:\/\/matbud-brukarstwo.pl\/wp-content\/uploads\/2020\/03\/cropped-89039435_191908945449923_1236239450627899392_n1.jpg","contentUrl":"https:\/\/matbud-brukarstwo.pl\/wp-content\/uploads\/2020\/03\/cropped-89039435_191908945449923_1236239450627899392_n1.jpg","width":714,"height":122,"caption":"MATBUD Brukarstwo"},"image":{"@id":"http:\/\/matbud-brukarstwo.pl\/#\/schema\/logo\/image\/"}}]}},"_links":{"self":[{"href":"https:\/\/matbud-brukarstwo.pl\/index.php\/wp-json\/wp\/v2\/pages\/9","targetHints":{"allow":["GET"]}}],"collection":[{"href":"https:\/\/matbud-brukarstwo.pl\/index.php\/wp-json\/wp\/v2\/pages"}],"about":[{"href":"https:\/\/matbud-brukarstwo.pl\/index.php\/wp-json\/wp\/v2\/types\/page"}],"author":[{"embeddable":true,"href":"https:\/\/matbud-brukarstwo.pl\/index.php\/wp-json\/wp\/v2\/users\/1"}],"replies":[{"embeddable":true,"href":"https:\/\/matbud-brukarstwo.pl\/index.php\/wp-json\/wp\/v2\/comments?post=9"}],"version-history":[{"count":7,"href":"https:\/\/matbud-brukarstwo.pl\/index.php\/wp-json\/wp\/v2\/pages\/9\/revisions"}],"predecessor-version":[{"id":124,"href":"https:\/\/matbud-brukarstwo.pl\/index.php\/wp-json\/wp\/v2\/pages\/9\/revisions\/124"}],"wp:attachment":[{"href":"https:\/\/matbud-brukarstwo.pl\/index.php\/wp-json\/wp\/v2\/media?parent=9"}],"curies":[{"name":"wp","href":"https:\/\/api.w.org\/{rel}","templated":true}]}}