{"id":6,"date":"2020-03-11T20:23:59","date_gmt":"2020-03-11T19:23:59","guid":{"rendered":"http:\/\/matbud-brukarstwo.pl\/index.php\/mesmerize\/"},"modified":"2023-02-15T17:36:12","modified_gmt":"2023-02-15T16:36:12","slug":"mesmerize","status":"publish","type":"page","link":"https:\/\/matbud-brukarstwo.pl\/","title":{"rendered":"Front Page"},"content":{"rendered":"<div  id=\"overlappable-4\" class=\"overlappable-4 content-section content-section-spacing\" style=\"background-color: #ffffff;\" data-label=\"Overlappable\" data-id=\"overlappable-4\" data-export-id=\"overlappable-4\" data-category=\"overlappable\" data-overlap=\"true\">\n<div  class=\"gridContainer\">\n<div  class=\"row spaced-cols text-center\" data-type=\"row\">\n<div  class=\"col-xs-12 col-sm-4 col-padding\"><i  class=\"fa icon shadow-large-black aligncenter color1 fa-handshake-o reverse round large\"><\/i>\n<div  class=\"\" data-type=\"column\">\n<h5  class=\"\">ELASTYCZNO\u015a\u0106<\/h5>\n<p  class=\"\">Nasze prace wykonujemy kompleksowo przy minimalnym zaanga\u017cowaniu inwestora<\/p>\n\n<\/div>\n<\/div>\n<div  class=\"col-xs-12 col-sm-4 col-padding\"><i  class=\"fa icon shadow-large-black aligncenter color1 fa-thumbs-o-up reverse round large\"><\/i>\n<div  class=\"\" data-type=\"column\">\n<h5  class=\"\">PROFESJONALNO\u015a\u0106<\/h5>\n<p  class=\"\">Jeste\u015bmy lidrem w\u015br\u00f3d firm brukarskich w powiecie Gr\u00f3jeckim.<\/p>\n\n<\/div>\n<\/div>\n<div  class=\"col-xs-12 col-sm-4 col-padding\"><i  class=\"fa icon shadow-large-black aligncenter color1 fa-wrench reverse round large\"><\/i>\n<div  class=\"\" data-type=\"column\">\n<h5  class=\"\">PRECYZJA<\/h5>\n<p  class=\"\">Jeste\u015bmy przygotowani do prowadzenia du\u017cych i skomplikowanych technicznie zada\u0144 a tak\u017ce ma\u0142ych prywatnych inwestycji<\/p>\n\n<\/div>\n<\/div>\n<\/div>\n<\/div>\n<\/div><div  id=\"features-3\" class=\"features-12-card-bordered content-section content-section-spacing \" style=\"background-color: #ffffff;\" data-label=\"Features\" data-id=\"features-12-card-bordered\" data-export-id=\"features-12-card-bordered\" data-category=\"features\">\n<div  class=\"gridContainer\">\n<div  class=\"row text-center\">\n<div  class=\"section-title-col\" data-type=\"column\">\n<h2  class=\"\">W tym jeste\u015bmy \u015bwietni<\/h2>\n<p  class=\"lead\">Nasze mocne strony<\/p>\n\n<\/div>\n<\/div>\n<div  class=\"row spaced-cols\" data-type=\"row\">\n<div  class=\"col-sm-6\">\n<div  class=\"card row-card bordered y-move\">\n<div  class=\"row\">\n<div  class=\"col-sm-fit icon-column\"><\/div>\n<div  class=\"col-sm\" data-type=\"column\">\n<h5  class=\"color2\">DO\u015aWIADCZENIE<\/h5>\n<p  class=\"\">Nasza firma istnieje na rynku ju\u017c 12 lat. Kompleksowa budowa dr\u00f3g, chodnik\u00f3w, posesji prywatnych z kostki betonowej i granitowej Zapraszamy do wsp\u00f3\u0142pracy<\/p>\nZ NAMI CI SI\u0118 U\u0141O\u017bY\n\n<\/div>\n<\/div>\n<\/div>\n<\/div>\n<div  class=\"col-sm-6\">\n<div  class=\"card row-card bordered y-move\">\n<div  class=\"row\">\n<div  class=\"col-sm-fit icon-column\"><\/div>\n<div  class=\"col-sm\" data-type=\"column\">\n<h5  class=\"color2\">WSP\u00d3\u0141PRACA<\/h5>\n<p  class=\"\">Prace wykonujemy kompleksowo przy minimalnym zaanga\u017cowaniu inwestora&nbsp;Z NAMI CI SI\u0118 U\u0141O\u017bY<\/p>\n\n<\/div>\n<\/div>\n<\/div>\n<\/div>\n<div  class=\"col-sm-6\">\n<div  class=\"card row-card bordered y-move\">\n<div  class=\"row\">\n<div  class=\"col-sm-fit icon-column\"><\/div>\n<div  class=\"col-sm\" data-type=\"column\">\n<h5  class=\"color2\">FACHOWO\u015a\u0106<\/h5>\n<p  class=\"\">Specjalistyczny sprz\u0119t, wykwalifikowana kadra oraz do\u015bwiadczenie w realizacji inwestycji powoduje, \u017ce nasza firma jest wiarygodnym partnerem przy realizacji inwestycji drogowych oraz prywatnych posesji<\/p>\n\n<\/div>\n<\/div>\n<\/div>\n<\/div>\n<div  class=\"col-sm-6\">\n<div  class=\"card row-card bordered y-move\">\n<div  class=\"row\">\n<div  class=\"col-sm-fit icon-column\"><\/div>\n<div  class=\"col-sm\" data-type=\"column\">\n<h5  class=\"color2\">TERMINOWO\u015a\u0106<\/h5>\n<p  class=\"\">Nasze prace wykonujemy terminowo i solidnie. Kr\u00f3tkie terminy&nbsp;nie s\u0105 dla nas wyzwaniem , mamy wykwalifikowan\u0105 kadr\u0119 oraz specjacjalistyczny sprz\u0119t.<\/p>\n\n<\/div>\n<\/div>\n<\/div>\n<\/div>\n<\/div>\n<\/div>\n<\/div><div  id=\"portfolio-3\" class=\"portfolio-4 content-section content-section-spacing-top\" style=\"background-color: #f5fafd;\" data-label=\"Portfolio\" data-id=\"portfolio-4\" data-export-id=\"portfolio-4\" data-category=\"portfolio\">\n<div  class=\"\">\n<div  class=\"row text-center\">\n<div  class=\"section-title-col\" data-type=\"column\">\n<h2  class=\"\">Portfolio<\/h2>\n<p  class=\"lead\">Kilka zdj\u0119\u0107 naszych prac.<\/p>\n\n<img decoding=\"async\"  class=\"custom-image\" src=\"http:\/\/matbud-brukarstwo.pl\/wp-content\/uploads\/2023\/02\/cropped-dji_fly_20221013_082832_0_1665642512093_photo_low_quality.jpg\" title=\"cropped-dji_fly_20221013_082832_0_1665642512093_photo_low_quality.jpg\" alt=\"\"><img decoding=\"async\"  class=\"custom-image\" src=\"http:\/\/matbud-brukarstwo.pl\/wp-content\/uploads\/2023\/02\/cropped-Wenecja-antracytowy.jpg\" title=\"cropped-Wenecja-antracytowy.jpg\" alt=\"\"><img decoding=\"async\"  class=\"custom-image\" src=\"http:\/\/matbud-brukarstwo.pl\/wp-content\/uploads\/2023\/02\/cropped-IMG20221009145250-scaled-1.jpg\" title=\"IMG20221009145250\" alt=\"\"><img decoding=\"async\"  class=\"custom-image\" src=\"http:\/\/matbud-brukarstwo.pl\/wp-content\/uploads\/2023\/02\/cropped-IMG20221009145438-scaled-1.jpg\" title=\"IMG20221009145438\" alt=\"\"><\/div>\n<\/div>\n<div  class=\"row\" data-type=\"row\" data-fixed=\"true\">\n<div  class=\"col-xs-12 col-sm-3 no-gutter-col col-md-3\">\n<div  class=\"contentswap-effect\" data-hover-fx=\"portfolio-4\">\n<div  class=\"initial-image\"><img decoding=\"async\"  src=\"http:\/\/matbud-brukarstwo.pl\/wp-content\/uploads\/2020\/03\/cropped-83581954_196400341758230_8422901832094842880_n-1.jpg\" data-size=\"542x360\"><\/div>\n<div  class=\"overlay bg-color1\"><\/div>\n<div  class=\"swap-inner col-xs-12\">\n<div  class=\"row full-height-row middle-xs middle-sm\">\n<div  class=\"col-xs-12 text-center content-holder\"><\/div>\n<\/div>\n<\/div>\n<\/div>\n<\/div>\n<div  class=\"col-xs-12 col-sm-3 no-gutter-col col-md-3\">\n<div  class=\"contentswap-effect\" data-hover-fx=\"portfolio-4\">\n<div  class=\"initial-image\"><img decoding=\"async\"  src=\"http:\/\/matbud-brukarstwo.pl\/wp-content\/uploads\/2020\/03\/cropped-17990417_1664280257211527_7707257335210541109_o1.jpg\" data-size=\"542x360\"><\/div>\n<div  class=\"overlay bg-color1\"><\/div>\n<div  class=\"swap-inner col-xs-12\">\n<div  class=\"row full-height-row middle-xs middle-sm\">\n<div  class=\"col-xs-12 text-center content-holder\"><\/div>\n<\/div>\n<\/div>\n<\/div>\n<\/div>\n<div  class=\"col-xs-12 col-sm-3 no-gutter-col col-md-3\">\n<div  class=\"contentswap-effect\" data-hover-fx=\"portfolio-4\">\n<div  class=\"initial-image\"><img decoding=\"async\"  src=\"http:\/\/matbud-brukarstwo.pl\/wp-content\/uploads\/2020\/03\/cropped-84212647_390599831809691_1359408027366588416_n1.jpg\" data-size=\"542x360\"><\/div>\n<div  class=\"overlay bg-color1\"><\/div>\n<div  class=\"swap-inner col-xs-12\">\n<div  class=\"row full-height-row middle-xs middle-sm\">\n<div  class=\"col-xs-12 text-center content-holder\"><\/div>\n<\/div>\n<\/div>\n<\/div>\n<\/div>\n<div  class=\"col-xs-12 col-sm-3 no-gutter-col col-md-3\">\n<div  class=\"contentswap-effect\" data-hover-fx=\"portfolio-4\">\n<div  class=\"initial-image\"><img decoding=\"async\"  src=\"http:\/\/matbud-brukarstwo.pl\/wp-content\/uploads\/2020\/03\/cropped-88224493_207619830595324_2642241808662265856_n.jpg\" data-size=\"542x360\"><\/div>\n<div  class=\"overlay bg-color1\"><\/div>\n<div  class=\"swap-inner col-xs-12\">\n<div  class=\"row full-height-row middle-xs middle-sm\">\n<div  class=\"col-xs-12 text-center content-holder\"><\/div>\n<\/div>\n<\/div>\n<\/div>\n<\/div>\n<div  class=\"col-xs-12 col-sm-3 no-gutter-col col-md-3\">\n<div  class=\"contentswap-effect\" data-hover-fx=\"portfolio-4\">\n<div  class=\"initial-image\"><img decoding=\"async\"  src=\"http:\/\/matbud-brukarstwo.pl\/wp-content\/uploads\/2020\/03\/cropped-84838482_515403679088932_7143323627419598848_n1.jpg\" data-size=\"542x360\"><\/div>\n<div  class=\"overlay bg-color1\"><\/div>\n<div  class=\"swap-inner col-xs-12\">\n<div  class=\"row full-height-row middle-xs middle-sm\">\n<div  class=\"col-xs-12 text-center content-holder\"><\/div>\n<\/div>\n<\/div>\n<\/div>\n<\/div>\n<div  class=\"col-xs-12 col-sm-3 no-gutter-col col-md-3\">\n<div  class=\"contentswap-effect\" data-hover-fx=\"portfolio-4\">\n<div  class=\"initial-image\"><img decoding=\"async\"  src=\"http:\/\/matbud-brukarstwo.pl\/wp-content\/uploads\/2020\/03\/cropped-84311256_1525926767576424_5094841196090490880_n1.jpg\" data-size=\"542x360\"><\/div>\n<div  class=\"overlay bg-color1\"><\/div>\n<div  class=\"swap-inner col-xs-12\">\n<div  class=\"row full-height-row middle-xs middle-sm\">\n<div  class=\"col-xs-12 text-center content-holder\"><\/div>\n<\/div>\n<\/div>\n<\/div>\n<\/div>\n<div  class=\"col-xs-12 col-sm-3 no-gutter-col col-md-3\">\n<div  class=\"contentswap-effect\" data-hover-fx=\"portfolio-4\">\n<div  class=\"initial-image\"><img decoding=\"async\"  src=\"http:\/\/matbud-brukarstwo.pl\/wp-content\/uploads\/2020\/03\/cropped-84354391_576676146218028_1952910389561786368_n1-2.jpg\" data-size=\"542x360\"><\/div>\n<div  class=\"overlay bg-color1\"><\/div>\n<div  class=\"swap-inner col-xs-12\">\n<div  class=\"row full-height-row middle-xs middle-sm\">\n<div  class=\"col-xs-12 text-center content-holder\"><\/div>\n<\/div>\n<\/div>\n<\/div>\n<\/div>\n<div  class=\"col-xs-12 col-sm-3 no-gutter-col col-md-3\">\n<div  class=\"contentswap-effect\" data-hover-fx=\"portfolio-4\">\n<div  class=\"initial-image\"><img decoding=\"async\"  src=\"http:\/\/matbud-brukarstwo.pl\/wp-content\/uploads\/2020\/03\/cropped-87543670_2877947862262364_7048071199938576384_n.jpg\" data-size=\"542x360\"><\/div>\n<div  class=\"overlay bg-color1\"><\/div>\n<div  class=\"swap-inner col-xs-12\">\n<div  class=\"row full-height-row middle-xs middle-sm\">\n<div  class=\"col-xs-12 text-center content-holder\"><\/div>\n<\/div>\n<\/div>\n<\/div>\n<\/div>\n<\/div>\n<\/div>\n<\/div><div  id=\"contact-1\" class=\"contact-1 content-section content-section-spacing white-text\" data-label=\"Contact\" data-id=\"contact-1\" data-export-id=\"contact-1\" data-category=\"contact\" data-parallax-depth=\"20\">\n<div  class=\"gridContainer\">\n<div  class=\"row text-center\">\n<div  class=\"section-title-col\" data-type=\"column\">\n<h2  class=\"\">Skontaktuj si\u0119 z nami<\/h2>\n<p  class=\"lead\">Zapraszamy do kontaktu z nami.<\/p>\n<p  class=\"lead\">MATBUD Brukarstwo\n\nOlszany 3\n\n05-604 Jasieniec\n\ntel. 609 500 524\n\n<\/p>\n\n<\/div>\n<\/div>\n<\/div>\n<\/div>","protected":false},"excerpt":{"rendered":"<p>ELASTYCZNO\u015a\u0106 Nasze prace wykonujemy kompleksowo przy minimalnym zaanga\u017cowaniu inwestora PROFESJONALNO\u015a\u0106 Jeste\u015bmy lidrem w\u015br\u00f3d firm brukarskich w powiecie Gr\u00f3jeckim. PRECYZJA Jeste\u015bmy przygotowani do prowadzenia du\u017cych i skomplikowanych technicznie zada\u0144 a tak\u017ce ma\u0142ych prywatnych inwestycji W tym jeste\u015bmy \u015bwietni Nasze mocne strony DO\u015aWIADCZENIE Nasza firma istnieje na rynku ju\u017c 12 lat. Kompleksowa budowa dr\u00f3g, chodnik\u00f3w, posesji prywatnych&hellip; <br \/> <a class=\"read-more\" href=\"https:\/\/matbud-brukarstwo.pl\/\">Dowiedz si\u0119 wi\u0119cej<\/a><\/p>\n","protected":false},"author":1,"featured_media":68,"parent":0,"menu_order":0,"comment_status":"closed","ping_status":"closed","template":"","meta":{"ngg_post_thumbnail":0,"footnotes":""},"class_list":["post-6","page","type-page","status-publish","has-post-thumbnail","hentry"],"yoast_head":"<!-- This site is optimized with the Yoast SEO plugin v27.0 - https:\/\/yoast.com\/product\/yoast-seo-wordpress\/ -->\n<title>Front Page - MATBUD Brukarstwo<\/title>\n<meta name=\"robots\" content=\"index, follow, max-snippet:-1, max-image-preview:large, max-video-preview:-1\" \/>\n<link rel=\"canonical\" href=\"http:\/\/matbud-brukarstwo.pl\/\" \/>\n<meta property=\"og:locale\" content=\"pl_PL\" \/>\n<meta property=\"og:type\" content=\"article\" \/>\n<meta property=\"og:title\" content=\"Front Page - MATBUD Brukarstwo\" \/>\n<meta property=\"og:description\" content=\"ELASTYCZNO\u015a\u0106 Nasze prace wykonujemy kompleksowo przy minimalnym zaanga\u017cowaniu inwestora PROFESJONALNO\u015a\u0106 Jeste\u015bmy lidrem w\u015br\u00f3d firm brukarskich w powiecie Gr\u00f3jeckim. PRECYZJA Jeste\u015bmy przygotowani do prowadzenia du\u017cych i skomplikowanych technicznie zada\u0144 a tak\u017ce ma\u0142ych prywatnych inwestycji W tym jeste\u015bmy \u015bwietni Nasze mocne strony DO\u015aWIADCZENIE Nasza firma istnieje na rynku ju\u017c 12 lat. Kompleksowa budowa dr\u00f3g, chodnik\u00f3w, posesji prywatnych&hellip; Dowiedz si\u0119 wi\u0119cej\" \/>\n<meta property=\"og:url\" content=\"http:\/\/matbud-brukarstwo.pl\/\" \/>\n<meta property=\"og:site_name\" content=\"MATBUD Brukarstwo\" \/>\n<meta property=\"article:modified_time\" content=\"2023-02-15T16:36:12+00:00\" \/>\n<meta property=\"og:image\" content=\"http:\/\/matbud-brukarstwo.pl\/wp-content\/uploads\/2020\/03\/18425066_1674359952870224_6831431389991275254_n1.jpg\" \/>\n\t<meta property=\"og:image:width\" content=\"325\" \/>\n\t<meta property=\"og:image:height\" content=\"92\" \/>\n\t<meta property=\"og:image:type\" content=\"image\/jpeg\" \/>\n<meta name=\"twitter:card\" content=\"summary_large_image\" \/>\n<meta name=\"twitter:label1\" content=\"Szacowany czas czytania\" \/>\n\t<meta name=\"twitter:data1\" content=\"3 minuty\" \/>\n<script type=\"application\/ld+json\" class=\"yoast-schema-graph\">{\"@context\":\"https:\/\/schema.org\",\"@graph\":[{\"@type\":\"WebPage\",\"@id\":\"http:\/\/matbud-brukarstwo.pl\/\",\"url\":\"http:\/\/matbud-brukarstwo.pl\/\",\"name\":\"Front Page - MATBUD Brukarstwo\",\"isPartOf\":{\"@id\":\"http:\/\/matbud-brukarstwo.pl\/#website\"},\"primaryImageOfPage\":{\"@id\":\"http:\/\/matbud-brukarstwo.pl\/#primaryimage\"},\"image\":{\"@id\":\"http:\/\/matbud-brukarstwo.pl\/#primaryimage\"},\"thumbnailUrl\":\"https:\/\/matbud-brukarstwo.pl\/wp-content\/uploads\/2020\/03\/18425066_1674359952870224_6831431389991275254_n1.jpg\",\"datePublished\":\"2020-03-11T19:23:59+00:00\",\"dateModified\":\"2023-02-15T16:36:12+00:00\",\"breadcrumb\":{\"@id\":\"http:\/\/matbud-brukarstwo.pl\/#breadcrumb\"},\"inLanguage\":\"pl-PL\",\"potentialAction\":[{\"@type\":\"ReadAction\",\"target\":[\"http:\/\/matbud-brukarstwo.pl\/\"]}]},{\"@type\":\"ImageObject\",\"inLanguage\":\"pl-PL\",\"@id\":\"http:\/\/matbud-brukarstwo.pl\/#primaryimage\",\"url\":\"https:\/\/matbud-brukarstwo.pl\/wp-content\/uploads\/2020\/03\/18425066_1674359952870224_6831431389991275254_n1.jpg\",\"contentUrl\":\"https:\/\/matbud-brukarstwo.pl\/wp-content\/uploads\/2020\/03\/18425066_1674359952870224_6831431389991275254_n1.jpg\",\"width\":325,\"height\":92},{\"@type\":\"BreadcrumbList\",\"@id\":\"http:\/\/matbud-brukarstwo.pl\/#breadcrumb\",\"itemListElement\":[{\"@type\":\"ListItem\",\"position\":1,\"name\":\"Strona g\u0142\u00f3wna\",\"item\":\"http:\/\/matbud-brukarstwo.pl\/\"},{\"@type\":\"ListItem\",\"position\":2,\"name\":\"Front Page\"}]},{\"@type\":\"WebSite\",\"@id\":\"http:\/\/matbud-brukarstwo.pl\/#website\",\"url\":\"http:\/\/matbud-brukarstwo.pl\/\",\"name\":\"MATBUD Brukarstwo\",\"description\":\"Z nami Ci si\u0119 u\u0142o\u017cy!\",\"publisher\":{\"@id\":\"http:\/\/matbud-brukarstwo.pl\/#organization\"},\"potentialAction\":[{\"@type\":\"SearchAction\",\"target\":{\"@type\":\"EntryPoint\",\"urlTemplate\":\"http:\/\/matbud-brukarstwo.pl\/?s={search_term_string}\"},\"query-input\":{\"@type\":\"PropertyValueSpecification\",\"valueRequired\":true,\"valueName\":\"search_term_string\"}}],\"inLanguage\":\"pl-PL\"},{\"@type\":\"Organization\",\"@id\":\"http:\/\/matbud-brukarstwo.pl\/#organization\",\"name\":\"MATBUD Brukarstwo\",\"url\":\"http:\/\/matbud-brukarstwo.pl\/\",\"logo\":{\"@type\":\"ImageObject\",\"inLanguage\":\"pl-PL\",\"@id\":\"http:\/\/matbud-brukarstwo.pl\/#\/schema\/logo\/image\/\",\"url\":\"https:\/\/matbud-brukarstwo.pl\/wp-content\/uploads\/2020\/03\/cropped-89039435_191908945449923_1236239450627899392_n1.jpg\",\"contentUrl\":\"https:\/\/matbud-brukarstwo.pl\/wp-content\/uploads\/2020\/03\/cropped-89039435_191908945449923_1236239450627899392_n1.jpg\",\"width\":714,\"height\":122,\"caption\":\"MATBUD Brukarstwo\"},\"image\":{\"@id\":\"http:\/\/matbud-brukarstwo.pl\/#\/schema\/logo\/image\/\"}}]}<\/script>\n<!-- \/ Yoast SEO plugin. -->","yoast_head_json":{"title":"Front Page - MATBUD Brukarstwo","robots":{"index":"index","follow":"follow","max-snippet":"max-snippet:-1","max-image-preview":"max-image-preview:large","max-video-preview":"max-video-preview:-1"},"canonical":"http:\/\/matbud-brukarstwo.pl\/","og_locale":"pl_PL","og_type":"article","og_title":"Front Page - MATBUD Brukarstwo","og_description":"ELASTYCZNO\u015a\u0106 Nasze prace wykonujemy kompleksowo przy minimalnym zaanga\u017cowaniu inwestora PROFESJONALNO\u015a\u0106 Jeste\u015bmy lidrem w\u015br\u00f3d firm brukarskich w powiecie Gr\u00f3jeckim. PRECYZJA Jeste\u015bmy przygotowani do prowadzenia du\u017cych i skomplikowanych technicznie zada\u0144 a tak\u017ce ma\u0142ych prywatnych inwestycji W tym jeste\u015bmy \u015bwietni Nasze mocne strony DO\u015aWIADCZENIE Nasza firma istnieje na rynku ju\u017c 12 lat. Kompleksowa budowa dr\u00f3g, chodnik\u00f3w, posesji prywatnych&hellip; Dowiedz si\u0119 wi\u0119cej","og_url":"http:\/\/matbud-brukarstwo.pl\/","og_site_name":"MATBUD Brukarstwo","article_modified_time":"2023-02-15T16:36:12+00:00","og_image":[{"width":325,"height":92,"url":"http:\/\/matbud-brukarstwo.pl\/wp-content\/uploads\/2020\/03\/18425066_1674359952870224_6831431389991275254_n1.jpg","type":"image\/jpeg"}],"twitter_card":"summary_large_image","twitter_misc":{"Szacowany czas czytania":"3 minuty"},"schema":{"@context":"https:\/\/schema.org","@graph":[{"@type":"WebPage","@id":"http:\/\/matbud-brukarstwo.pl\/","url":"http:\/\/matbud-brukarstwo.pl\/","name":"Front Page - MATBUD Brukarstwo","isPartOf":{"@id":"http:\/\/matbud-brukarstwo.pl\/#website"},"primaryImageOfPage":{"@id":"http:\/\/matbud-brukarstwo.pl\/#primaryimage"},"image":{"@id":"http:\/\/matbud-brukarstwo.pl\/#primaryimage"},"thumbnailUrl":"https:\/\/matbud-brukarstwo.pl\/wp-content\/uploads\/2020\/03\/18425066_1674359952870224_6831431389991275254_n1.jpg","datePublished":"2020-03-11T19:23:59+00:00","dateModified":"2023-02-15T16:36:12+00:00","breadcrumb":{"@id":"http:\/\/matbud-brukarstwo.pl\/#breadcrumb"},"inLanguage":"pl-PL","potentialAction":[{"@type":"ReadAction","target":["http:\/\/matbud-brukarstwo.pl\/"]}]},{"@type":"ImageObject","inLanguage":"pl-PL","@id":"http:\/\/matbud-brukarstwo.pl\/#primaryimage","url":"https:\/\/matbud-brukarstwo.pl\/wp-content\/uploads\/2020\/03\/18425066_1674359952870224_6831431389991275254_n1.jpg","contentUrl":"https:\/\/matbud-brukarstwo.pl\/wp-content\/uploads\/2020\/03\/18425066_1674359952870224_6831431389991275254_n1.jpg","width":325,"height":92},{"@type":"BreadcrumbList","@id":"http:\/\/matbud-brukarstwo.pl\/#breadcrumb","itemListElement":[{"@type":"ListItem","position":1,"name":"Strona g\u0142\u00f3wna","item":"http:\/\/matbud-brukarstwo.pl\/"},{"@type":"ListItem","position":2,"name":"Front Page"}]},{"@type":"WebSite","@id":"http:\/\/matbud-brukarstwo.pl\/#website","url":"http:\/\/matbud-brukarstwo.pl\/","name":"MATBUD Brukarstwo","description":"Z nami Ci si\u0119 u\u0142o\u017cy!","publisher":{"@id":"http:\/\/matbud-brukarstwo.pl\/#organization"},"potentialAction":[{"@type":"SearchAction","target":{"@type":"EntryPoint","urlTemplate":"http:\/\/matbud-brukarstwo.pl\/?s={search_term_string}"},"query-input":{"@type":"PropertyValueSpecification","valueRequired":true,"valueName":"search_term_string"}}],"inLanguage":"pl-PL"},{"@type":"Organization","@id":"http:\/\/matbud-brukarstwo.pl\/#organization","name":"MATBUD Brukarstwo","url":"http:\/\/matbud-brukarstwo.pl\/","logo":{"@type":"ImageObject","inLanguage":"pl-PL","@id":"http:\/\/matbud-brukarstwo.pl\/#\/schema\/logo\/image\/","url":"https:\/\/matbud-brukarstwo.pl\/wp-content\/uploads\/2020\/03\/cropped-89039435_191908945449923_1236239450627899392_n1.jpg","contentUrl":"https:\/\/matbud-brukarstwo.pl\/wp-content\/uploads\/2020\/03\/cropped-89039435_191908945449923_1236239450627899392_n1.jpg","width":714,"height":122,"caption":"MATBUD Brukarstwo"},"image":{"@id":"http:\/\/matbud-brukarstwo.pl\/#\/schema\/logo\/image\/"}}]}},"_links":{"self":[{"href":"https:\/\/matbud-brukarstwo.pl\/index.php\/wp-json\/wp\/v2\/pages\/6","targetHints":{"allow":["GET"]}}],"collection":[{"href":"https:\/\/matbud-brukarstwo.pl\/index.php\/wp-json\/wp\/v2\/pages"}],"about":[{"href":"https:\/\/matbud-brukarstwo.pl\/index.php\/wp-json\/wp\/v2\/types\/page"}],"author":[{"embeddable":true,"href":"https:\/\/matbud-brukarstwo.pl\/index.php\/wp-json\/wp\/v2\/users\/1"}],"replies":[{"embeddable":true,"href":"https:\/\/matbud-brukarstwo.pl\/index.php\/wp-json\/wp\/v2\/comments?post=6"}],"version-history":[{"count":18,"href":"https:\/\/matbud-brukarstwo.pl\/index.php\/wp-json\/wp\/v2\/pages\/6\/revisions"}],"predecessor-version":[{"id":498,"href":"https:\/\/matbud-brukarstwo.pl\/index.php\/wp-json\/wp\/v2\/pages\/6\/revisions\/498"}],"wp:featuredmedia":[{"embeddable":true,"href":"https:\/\/matbud-brukarstwo.pl\/index.php\/wp-json\/wp\/v2\/media\/68"}],"wp:attachment":[{"href":"https:\/\/matbud-brukarstwo.pl\/index.php\/wp-json\/wp\/v2\/media?parent=6"}],"curies":[{"name":"wp","href":"https:\/\/api.w.org\/{rel}","templated":true}]}}